{"id":2053,"date":"2023-10-23T12:47:35","date_gmt":"2023-10-23T10:47:35","guid":{"rendered":"https:\/\/wollmuehle.com\/shop\/?post_type=product&#038;p=2053"},"modified":"2023-10-23T12:58:05","modified_gmt":"2023-10-23T10:58:05","slug":"herrenmuetze","status":"publish","type":"product","link":"https:\/\/wollmuehle.com\/shop\/produkt\/herrenmuetze\/","title":{"rendered":"Herren M\u00fctze schwarz wei\u00df"},"content":{"rendered":"<p>M\u00fctze aus 100% Alpakawolle<\/p>\n<blockquote><p>Alpakawolle geh\u00f6rt zu den Edelfasern und hat einzigartige Eigenschaften. Sie ist 5 mal w\u00e4rmer als Schafwolle und hat durch ihre mikroskopisch kleinen Lufttaschen eine Klimaregulierende Wirkung. Man friert nicht ,heizt sich aber auch nicht unangenehm auf. Sie kratzt nicht auf der Haut und ist schmutz-und geruchsabweisend. Durch das Fehlen von Lanolin ist sie in der Regel auch f\u00fcr Allergiker geeignet. Unsere M\u00fctzen sind ein reines Naturprodukt ohne k\u00fcnstliche Farbstoffe. Die Faser stammt von unseren eigenen Alpakas, die in der Uckermark ein sch\u00f6nes Leben haben. Die Wolle wird so verarbeitet, wie sie nach der Schur der Alpakas im Fr\u00fchjahr vorliegt. Versponnen wird sie in unserer Wollspinnerei, sie ist also rein &#8222;made in Germany &#8222;.Jede M\u00fctze ist ein absolutes Unikat.<\/p><\/blockquote>\n<p>Gr\u00f6\u00dfe 57-58<\/p>\n","protected":false},"excerpt":{"rendered":"<p>M\u00fctze aus 100% Alpakawolle Alpakawolle geh\u00f6rt zu den Edelfasern und hat einzigartige Eigenschaften. Sie ist 5 mal w\u00e4rmer als Schafwolle und hat durch ihre mikroskopisch kleinen Lufttaschen eine Klimaregulierende Wirkung. Man friert nicht ,heizt sich aber auch nicht unangenehm auf. Sie kratzt nicht auf der Haut und ist schmutz-und geruchsabweisend. Durch das Fehlen von Lanolin [&hellip;]<\/p>\n","protected":false},"featured_media":2055,"comment_status":"closed","ping_status":"closed","template":"","meta":{"site-sidebar-layout":"default","site-content-layout":"","ast-site-content-layout":"default","site-content-style":"default","site-sidebar-style":"default","ast-global-header-display":"","ast-banner-title-visibility":"","ast-main-header-display":"","ast-hfb-above-header-display":"","ast-hfb-below-header-display":"","ast-hfb-mobile-header-display":"","site-post-title":"","ast-breadcrumbs-content":"","ast-featured-img":"","footer-sml-layout":"","ast-disable-related-posts":"","theme-transparent-header-meta":"","adv-header-id-meta":"","stick-header-meta":"","header-above-stick-meta":"","header-main-stick-meta":"","header-below-stick-meta":"","astra-migrate-meta-layouts":"default","ast-page-background-enabled":"default","ast-page-background-meta":{"desktop":{"background-color":"","background-image":"","background-repeat":"repeat","background-position":"center center","background-size":"auto","background-attachment":"scroll","background-type":"","background-media":"","overlay-type":"","overlay-color":"","overlay-opacity":"","overlay-gradient":""},"tablet":{"background-color":"","background-image":"","background-repeat":"repeat","background-position":"center center","background-size":"auto","background-attachment":"scroll","background-type":"","background-media":"","overlay-type":"","overlay-color":"","overlay-opacity":"","overlay-gradient":""},"mobile":{"background-color":"","background-image":"","background-repeat":"repeat","background-position":"center center","background-size":"auto","background-attachment":"scroll","background-type":"","background-media":"","overlay-type":"","overlay-color":"","overlay-opacity":"","overlay-gradient":""}},"ast-content-background-meta":{"desktop":{"background-color":"var(--ast-global-color-5)","background-image":"","background-repeat":"repeat","background-position":"center center","background-size":"auto","background-attachment":"scroll","background-type":"","background-media":"","overlay-type":"","overlay-color":"","overlay-opacity":"","overlay-gradient":""},"tablet":{"background-color":"var(--ast-global-color-5)","background-image":"","background-repeat":"repeat","background-position":"center center","background-size":"auto","background-attachment":"scroll","background-type":"","background-media":"","overlay-type":"","overlay-color":"","overlay-opacity":"","overlay-gradient":""},"mobile":{"background-color":"var(--ast-global-color-5)","background-image":"","background-repeat":"repeat","background-position":"center center","background-size":"auto","background-attachment":"scroll","background-type":"","background-media":"","overlay-type":"","overlay-color":"","overlay-opacity":"","overlay-gradient":""}}},"product_brand":[],"product_cat":[18],"product_tag":[],"class_list":{"0":"post-2053","1":"product","2":"type-product","3":"status-publish","4":"has-post-thumbnail","6":"product_cat-damen","7":"product_shipping_class-dhl-s","8":"desktop-align-center","9":"tablet-align-center","10":"mobile-align-center","12":"first","13":"instock","14":"sold-individually","15":"taxable","16":"shipping-taxable","17":"purchasable","18":"product-type-simple"},"_links":{"self":[{"href":"https:\/\/wollmuehle.com\/shop\/wp-json\/wp\/v2\/product\/2053","targetHints":{"allow":["GET"]}}],"collection":[{"href":"https:\/\/wollmuehle.com\/shop\/wp-json\/wp\/v2\/product"}],"about":[{"href":"https:\/\/wollmuehle.com\/shop\/wp-json\/wp\/v2\/types\/product"}],"replies":[{"embeddable":true,"href":"https:\/\/wollmuehle.com\/shop\/wp-json\/wp\/v2\/comments?post=2053"}],"wp:featuredmedia":[{"embeddable":true,"href":"https:\/\/wollmuehle.com\/shop\/wp-json\/wp\/v2\/media\/2055"}],"wp:attachment":[{"href":"https:\/\/wollmuehle.com\/shop\/wp-json\/wp\/v2\/media?parent=2053"}],"wp:term":[{"taxonomy":"product_brand","embeddable":true,"href":"https:\/\/wollmuehle.com\/shop\/wp-json\/wp\/v2\/product_brand?post=2053"},{"taxonomy":"product_cat","embeddable":true,"href":"https:\/\/wollmuehle.com\/shop\/wp-json\/wp\/v2\/product_cat?post=2053"},{"taxonomy":"product_tag","embeddable":true,"href":"https:\/\/wollmuehle.com\/shop\/wp-json\/wp\/v2\/product_tag?post=2053"}],"curies":[{"name":"wp","href":"https:\/\/api.w.org\/{rel}","templated":true}]}}