{"id":1865,"date":"2021-12-28T13:29:54","date_gmt":"2021-12-28T11:29:54","guid":{"rendered":"https:\/\/wollmuehle.com\/shop\/?post_type=product&#038;p=1865"},"modified":"2023-10-01T11:33:28","modified_gmt":"2023-10-01T09:33:28","slug":"alpaka-business-socken-42-44","status":"publish","type":"product","link":"https:\/\/wollmuehle.com\/shop\/produkt\/alpaka-business-socken-42-44\/","title":{"rendered":"Alpaka Business Socken 42-44"},"content":{"rendered":"<p>Alpaka Business Socken von APU KUNTUR<\/p>\n<p>52 % Alpaka, 18 % Wolle, 17 % Acryl, 11 % Nylon, 2 % Spandex<\/p>\n<p>Farbe : schwarz<\/p>\n<p>Gr\u00f6sse: 42-44<\/p>\n<p>Entwickelt f\u00fcr : t\u00e4glichen Komfort<\/p>\n<p>Eigenschaften : Perfekter Sitz, geruchsneutral, klimaregulierend<\/p>\n","protected":false},"excerpt":{"rendered":"<p>Alpaka Business Socken von APU KUNTUR 52 % Alpaka, 18 % Wolle, 17 % Acryl, 11 % Nylon, 2 % Spandex Farbe : schwarz Gr\u00f6sse: 42-44 Entwickelt f\u00fcr : t\u00e4glichen Komfort Eigenschaften : Perfekter Sitz, geruchsneutral, klimaregulierend<\/p>\n","protected":false},"featured_media":1452,"comment_status":"closed","ping_status":"closed","template":"","meta":{"site-sidebar-layout":"default","site-content-layout":"","ast-site-content-layout":"default","site-content-style":"default","site-sidebar-style":"default","ast-global-header-display":"","ast-banner-title-visibility":"","ast-main-header-display":"","ast-hfb-above-header-display":"","ast-hfb-below-header-display":"","ast-hfb-mobile-header-display":"","site-post-title":"","ast-breadcrumbs-content":"","ast-featured-img":"","footer-sml-layout":"","ast-disable-related-posts":"","theme-transparent-header-meta":"","adv-header-id-meta":"","stick-header-meta":"","header-above-stick-meta":"","header-main-stick-meta":"","header-below-stick-meta":"","astra-migrate-meta-layouts":"default","ast-page-background-enabled":"default","ast-page-background-meta":{"desktop":{"background-color":"","background-image":"","background-repeat":"repeat","background-position":"center center","background-size":"auto","background-attachment":"scroll","background-type":"","background-media":"","overlay-type":"","overlay-color":"","overlay-opacity":"","overlay-gradient":""},"tablet":{"background-color":"","background-image":"","background-repeat":"repeat","background-position":"center center","background-size":"auto","background-attachment":"scroll","background-type":"","background-media":"","overlay-type":"","overlay-color":"","overlay-opacity":"","overlay-gradient":""},"mobile":{"background-color":"","background-image":"","background-repeat":"repeat","background-position":"center center","background-size":"auto","background-attachment":"scroll","background-type":"","background-media":"","overlay-type":"","overlay-color":"","overlay-opacity":"","overlay-gradient":""}},"ast-content-background-meta":{"desktop":{"background-color":"var(--ast-global-color-5)","background-image":"","background-repeat":"repeat","background-position":"center center","background-size":"auto","background-attachment":"scroll","background-type":"","background-media":"","overlay-type":"","overlay-color":"","overlay-opacity":"","overlay-gradient":""},"tablet":{"background-color":"var(--ast-global-color-5)","background-image":"","background-repeat":"repeat","background-position":"center center","background-size":"auto","background-attachment":"scroll","background-type":"","background-media":"","overlay-type":"","overlay-color":"","overlay-opacity":"","overlay-gradient":""},"mobile":{"background-color":"var(--ast-global-color-5)","background-image":"","background-repeat":"repeat","background-position":"center center","background-size":"auto","background-attachment":"scroll","background-type":"","background-media":"","overlay-type":"","overlay-color":"","overlay-opacity":"","overlay-gradient":""}}},"product_brand":[],"product_cat":[37],"product_tag":[54],"class_list":{"0":"post-1865","1":"product","2":"type-product","3":"status-publish","4":"has-post-thumbnail","6":"product_cat-dies-und-das","7":"product_tag-socken","8":"product_shipping_class-dhl-s","9":"desktop-align-center","10":"tablet-align-center","11":"mobile-align-center","13":"first","14":"outofstock","15":"taxable","16":"shipping-taxable","17":"purchasable","18":"product-type-simple"},"_links":{"self":[{"href":"https:\/\/wollmuehle.com\/shop\/wp-json\/wp\/v2\/product\/1865","targetHints":{"allow":["GET"]}}],"collection":[{"href":"https:\/\/wollmuehle.com\/shop\/wp-json\/wp\/v2\/product"}],"about":[{"href":"https:\/\/wollmuehle.com\/shop\/wp-json\/wp\/v2\/types\/product"}],"replies":[{"embeddable":true,"href":"https:\/\/wollmuehle.com\/shop\/wp-json\/wp\/v2\/comments?post=1865"}],"wp:featuredmedia":[{"embeddable":true,"href":"https:\/\/wollmuehle.com\/shop\/wp-json\/wp\/v2\/media\/1452"}],"wp:attachment":[{"href":"https:\/\/wollmuehle.com\/shop\/wp-json\/wp\/v2\/media?parent=1865"}],"wp:term":[{"taxonomy":"product_brand","embeddable":true,"href":"https:\/\/wollmuehle.com\/shop\/wp-json\/wp\/v2\/product_brand?post=1865"},{"taxonomy":"product_cat","embeddable":true,"href":"https:\/\/wollmuehle.com\/shop\/wp-json\/wp\/v2\/product_cat?post=1865"},{"taxonomy":"product_tag","embeddable":true,"href":"https:\/\/wollmuehle.com\/shop\/wp-json\/wp\/v2\/product_tag?post=1865"}],"curies":[{"name":"wp","href":"https:\/\/api.w.org\/{rel}","templated":true}]}}