{"id":1362,"date":"2017-08-15T11:05:06","date_gmt":"2017-08-15T09:05:06","guid":{"rendered":"https:\/\/wollmuehle.com\/shop\/produkt\/bettdecke\/"},"modified":"2026-03-26T22:52:06","modified_gmt":"2026-03-26T20:52:06","slug":"bettdecke","status":"publish","type":"product","link":"https:\/\/wollmuehle.com\/shop\/produkt\/bettdecke\/","title":{"rendered":"Bettdecke mit 100 % Alpakawolle gef\u00fcllt"},"content":{"rendered":"<p>Bettdecke 135 x 200 cm<\/p>\n<p>gef\u00fcllt mit 1400 g 100 % Alpakawolle<br \/>\nhergestellt in Deutschland<\/p>\n<p>Alpakawolle geh\u00f6rt zu den Edelfasern und hat einzigartige Eigenschaften. Sie ist 5 mal w\u00e4rmer als Schafwolle und hat durch ihre mikroskopisch kleinen Lufttaschen eine Klimaregulierende Wirkung. Man friert nicht ,heizt sich aber auch nicht unangenehm auf. Sie kratzt nicht auf der Haut und ist schmutz-und geruchsabweisend. Durch das Fehlen von Lanolin ist sie in der Regel auch f\u00fcr Allergiker geeignet. Diese Decke verhilft Ihnen zu einem gesunden ,erholsamen Schlaf.<\/p>\n<p>Andere Gr\u00f6\u00dfen auf Anfrage.<\/p>\n","protected":false},"excerpt":{"rendered":"<p>Bettdecke 135 x 200 cm gef\u00fcllt mit 1400 g 100 % Alpakawolle hergestellt in Deutschland Alpakawolle geh\u00f6rt zu den Edelfasern und hat einzigartige Eigenschaften. Sie ist 5 mal w\u00e4rmer als Schafwolle und hat durch ihre mikroskopisch kleinen Lufttaschen eine Klimaregulierende Wirkung. Man friert nicht ,heizt sich aber auch nicht unangenehm auf. Sie kratzt nicht auf [&hellip;]<\/p>\n","protected":false},"featured_media":1361,"comment_status":"closed","ping_status":"closed","template":"","meta":{"site-sidebar-layout":"default","site-content-layout":"","ast-site-content-layout":"default","site-content-style":"default","site-sidebar-style":"default","ast-global-header-display":"","ast-banner-title-visibility":"","ast-main-header-display":"","ast-hfb-above-header-display":"","ast-hfb-below-header-display":"","ast-hfb-mobile-header-display":"","site-post-title":"","ast-breadcrumbs-content":"","ast-featured-img":"","footer-sml-layout":"","ast-disable-related-posts":"","theme-transparent-header-meta":"default","adv-header-id-meta":"","stick-header-meta":"","header-above-stick-meta":"","header-main-stick-meta":"","header-below-stick-meta":"","astra-migrate-meta-layouts":"set","ast-page-background-enabled":"default","ast-page-background-meta":{"desktop":{"background-color":"","background-image":"","background-repeat":"repeat","background-position":"center center","background-size":"auto","background-attachment":"scroll","background-type":"","background-media":"","overlay-type":"","overlay-color":"","overlay-opacity":"","overlay-gradient":""},"tablet":{"background-color":"","background-image":"","background-repeat":"repeat","background-position":"center center","background-size":"auto","background-attachment":"scroll","background-type":"","background-media":"","overlay-type":"","overlay-color":"","overlay-opacity":"","overlay-gradient":""},"mobile":{"background-color":"","background-image":"","background-repeat":"repeat","background-position":"center center","background-size":"auto","background-attachment":"scroll","background-type":"","background-media":"","overlay-type":"","overlay-color":"","overlay-opacity":"","overlay-gradient":""}},"ast-content-background-meta":{"desktop":{"background-color":"var(--ast-global-color-5)","background-image":"","background-repeat":"repeat","background-position":"center center","background-size":"auto","background-attachment":"scroll","background-type":"","background-media":"","overlay-type":"","overlay-color":"","overlay-opacity":"","overlay-gradient":""},"tablet":{"background-color":"var(--ast-global-color-5)","background-image":"","background-repeat":"repeat","background-position":"center center","background-size":"auto","background-attachment":"scroll","background-type":"","background-media":"","overlay-type":"","overlay-color":"","overlay-opacity":"","overlay-gradient":""},"mobile":{"background-color":"var(--ast-global-color-5)","background-image":"","background-repeat":"repeat","background-position":"center center","background-size":"auto","background-attachment":"scroll","background-type":"","background-media":"","overlay-type":"","overlay-color":"","overlay-opacity":"","overlay-gradient":""}}},"product_brand":[],"product_cat":[44],"product_tag":[],"class_list":{"0":"post-1362","1":"product","2":"type-product","3":"status-publish","4":"has-post-thumbnail","6":"product_cat-bettwaren","7":"desktop-align-center","8":"tablet-align-center","9":"mobile-align-center","11":"first","12":"instock","13":"taxable","14":"shipping-taxable","15":"purchasable","16":"product-type-simple"},"_links":{"self":[{"href":"https:\/\/wollmuehle.com\/shop\/wp-json\/wp\/v2\/product\/1362","targetHints":{"allow":["GET"]}}],"collection":[{"href":"https:\/\/wollmuehle.com\/shop\/wp-json\/wp\/v2\/product"}],"about":[{"href":"https:\/\/wollmuehle.com\/shop\/wp-json\/wp\/v2\/types\/product"}],"replies":[{"embeddable":true,"href":"https:\/\/wollmuehle.com\/shop\/wp-json\/wp\/v2\/comments?post=1362"}],"wp:featuredmedia":[{"embeddable":true,"href":"https:\/\/wollmuehle.com\/shop\/wp-json\/wp\/v2\/media\/1361"}],"wp:attachment":[{"href":"https:\/\/wollmuehle.com\/shop\/wp-json\/wp\/v2\/media?parent=1362"}],"wp:term":[{"taxonomy":"product_brand","embeddable":true,"href":"https:\/\/wollmuehle.com\/shop\/wp-json\/wp\/v2\/product_brand?post=1362"},{"taxonomy":"product_cat","embeddable":true,"href":"https:\/\/wollmuehle.com\/shop\/wp-json\/wp\/v2\/product_cat?post=1362"},{"taxonomy":"product_tag","embeddable":true,"href":"https:\/\/wollmuehle.com\/shop\/wp-json\/wp\/v2\/product_tag?post=1362"}],"curies":[{"name":"wp","href":"https:\/\/api.w.org\/{rel}","templated":true}]}}