{"id":802,"date":"2015-11-05T16:57:51","date_gmt":"2015-11-05T14:57:51","guid":{"rendered":"https:\/\/wollmuehle.com\/shop\/?page_id=802"},"modified":"2026-03-31T21:24:33","modified_gmt":"2026-03-31T19:24:33","slug":"agb-wollshop-2","status":"publish","type":"page","link":"https:\/\/wollmuehle.com\/shop\/agb-wollshop-2\/","title":{"rendered":"AGB &#8211; Wollshop"},"content":{"rendered":"<p>1. Allgemeines<\/p>\n<p>Nachstehende Allgemeine Gesch\u00e4ftsbedingungen gelten f\u00fcr den Wollshop.<\/p>\n<p>2. Angebot<\/p>\n<p>Unsere Angebote sind unverbindlich. Kleine Abweichungen und technische \u00c4nderungen gegen\u00fcber unseren Abbildungen oder Beschreibungen sind m\u00f6glich.<\/p>\n<p>3. Lieferung und Zahlung<\/p>\n<p>Zahlungen sind grunds\u00e4tzlich im Voraus zu leisten. Kreditkartenzahlungen werden nicht akzeptiert. D. h., Wollm\u00fchle Funke GbR d\u00fcrfen keine Geb\u00fchren belastet werden. Es gibt keine Mindestbestellmenge. Alle unsere Preise enthalten die gesetzliche Mehrwertsteuer in H\u00f6he von derzeit 19 %.<\/p>\n<p>4. Versandkosten<\/p>\n<p>Der Versand erfolgt mit DHL oder Hermes. Es gelten deren Bef\u00f6rderungsentgelte.<\/p>\n<p>5. Lieferzeiten<\/p>\n<p>Ware, die am Lager ist (f\u00fcr Bef\u00f6rderungsprobleme haften wir nicht) kommt innerhalb von 5 Tagen zum Versand.<br \/>\nIst die Ware bei Bestellung nicht vorr\u00e4tig, bem\u00fchen wir uns um schnellstm\u00f6gliche Lieferung.<br \/>\nFalls die Nichteinhaltung einer Liefer- oder Leistungsfrist auf h\u00f6here Gewalt, Arbeitskampf, unvorhersehbare Hindernisse oder sonstige von uns nicht zu vertretende Umst\u00e4nde zur\u00fcckzuf\u00fchren ist, wird die Frist angemessen verl\u00e4ngert.<br \/>\nBei Nichteinhaltung der Lieferfrist aus anderen als den o. g. Gr\u00fcnden ist der K\u00e4ufer berechtigt, schriftlich eine angemessene Nachfrist mit Ablehnungsandrohung zu setzen und nach deren erfolglosem Ablauf hinsichtlich der im Vertrag befindlichen Lieferung oder Leistung vom Vertrag zur\u00fcckzutreten.<br \/>\nBeruht die Unm\u00f6glichkeit der Lieferung auf Unverm\u00f6gen des Herstellers oder unseres Zulieferers, so k\u00f6nnen sowohl wir als auch der K\u00e4ufer vom Vertrag zur\u00fccktreten, sofern der vereinbarte Liefertermin um mehr als 2 Monate \u00fcberschritten ist. Schadensersatzanspr\u00fcche wegen Verzug oder Unm\u00f6glichkeit bzw. Nichterf\u00fcllung, auch solche, die bis zu R\u00fccktritt vom Vertrag entstanden sind, sind ausgeschlossen.<br \/>\nEs sei denn, dass ein gesetzlicher Vertreter der Firma Wollm\u00fchle Funke GbR vors\u00e4tzlich oder grob fahrl\u00e4ssig gehandelt hat.<\/p>\n<p>6. R\u00fcckgaberecht<\/p>\n<p>Dem K\u00e4ufer, der als Verbraucher im Sinne von \u00a7 13 BGB, den Erwerb ausschlie\u00dflich \u00fcber das Internet oder jede andere Art von Fernkommunikation, wie Briefversand, Katalogversand oder Telefax vornimmt, steht ein Widerrufsrecht in Form eines R\u00fcckgaberechtes gem. \u00a7\u00a7 312d, 355, 356 BGB innerhalb von zwei Wochen zu. Die vierw\u00f6chige Widerrufsfrist \/R\u00fcckgabefrist beginnt fr\u00fchestens mit Zugang dieser Belehrung, sp\u00e4testens mit Empfang der Ware, soweit die Belehrung vorher dem K\u00e4ufer zuging.<br \/>\nDavon unabh\u00e4ngig erlischt das Widerrufsrecht sp\u00e4testens sechs Monate nach dem Eingang der Ware beim K\u00e4ufer.<br \/>\nDer K\u00e4ufer ist dann als Verbraucher anzusehen, wenn er die Ware zu einem Zweck erwirbt, der weder<br \/>\nseiner gewerblichen noch seiner selbstst\u00e4ndigen beruflichen T\u00e4tigkeit zugerechnet werden kann.<br \/>\nDer K\u00e4ufer ist verpflichtet, den Widerruf schriftlich oder durch R\u00fccksendung der Ware gegen\u00fcber Wollm\u00fchle Funke GbR, Funke, zu der Anschrift Hauptstr.31 ,17291 Nordwestuckermark, zu erkl\u00e4ren.<br \/>\nZur Fristwahrung gen\u00fcgt die rechtzeitige Absendung der Erkl\u00e4rung oder der Ware.<br \/>\nEiner Begr\u00fcndung bedarf es nicht.<br \/>\nDer K\u00e4ufer ist des weiteren verpflichtet, die Ware in einwandfreiem Zustand dem Verk\u00e4ufer zur\u00fcckzusenden.<br \/>\nPaketversandf\u00e4hige Sachen sind auf Ihre Kosten und Gefahr zur\u00fcckzusenden, wenn die gelieferte Ware der bestellten entspricht und wenn der Preis der zur\u00fcckzusendenden Sache einen Betrag von 50.00 \u20ac nicht \u00fcbersteigt, oder wenn Sie bei einem h\u00f6heren Preis der Sache zum Zeitpunkt des Widerrufs noch nicht die Gegenleistung oder eine vertraglich vereinbarte Teilzahlung erbracht haben. Andernfalls ist die R\u00fccksendung f\u00fcr Sie kostenfrei. Verpflichtungen zur Erstattung von Zahlungen m\u00fcssen Sie innerhalb von 30 Tagen nach Absendung Ihrer Widerrufsbelehrung erf\u00fcllen. Ihr Widerrufsrecht erlischt vorzeitig, wenn der Vertrag vollst\u00e4ndig erf\u00fcllt ist und Sie dem ausdr\u00fccklich zugestimmt haben.<br \/>\nDer K\u00e4ufer ist gegen\u00fcber dem Verk\u00e4ufer zum Schadensersatz verpflichtet, wenn eine Verschlechterung, der Untergang oder die Unm\u00f6glichkeit der Herausgabe der Ware eingetreten ist und diese Umst\u00e4nde vom K\u00e4ufer zu vertreten sind. Der K\u00e4ufer hat nach \u00a7 276 BGB diese Umst\u00e4nde dann zu vertreten, wenn er im Umgang mit empfangenen Gegenst\u00e4nden deren Verschlechterung vors\u00e4tzlich oder fahrl\u00e4ssig herbeigef\u00fchrt hat. Nach \u00a7 276 Absatz 2 BGB handelt derjenige fahrl\u00e4ssig, der die im Verkehr erforderliche Sorgfalt au\u00dfer Acht l\u00e4sst.<br \/>\nDer K\u00e4ufer hat auch Wertersatz f\u00fcr eine durch bestimmungsgem\u00e4\u00dfe Ingebrauchnahme der Sache entstandene Verschlechterung zu leisten (\u00a7 357 Abs.3 BGB). Vom Widerrufsrecht\/R\u00fcckgaberecht ausgeschlossen sind Lieferungen von nach K\u00e4uferspezifikationen angefertigten Waren, oder wenn diese auf pers\u00f6nliche Bed\u00fcrfnisse des K\u00e4ufers, zum Beispiel durch individuelle Zusammenstellung einzelner Produkte (B\u00fcndelung) zugeschnitten sind ( \u00a7 312d Abs.4 Ziff. 1 BGB). Ausgeschlossen sind ebenfalls aus hygienischen Gr\u00fcnden direkt am K\u00f6rper des K\u00e4ufers getragene Produkte (. z.B. Einlegesohlen, Unterw\u00e4sche).<\/p>\n<p>7. Gefahr\u00fcbergang<\/p>\n<p>Die Gefahr geht mit Absendung der Ware durch Wollm\u00fchle Funke GbR auf den K\u00e4ufer \u00fcber.<\/p>\n<p>8. Gew\u00e4hrleistung<\/p>\n<p>Der Verk\u00e4ufer gew\u00e4hrleistet Fehlerfreiheit der verkauften Produkte nach dem jeweiligen Stand der Technik entsprechend der gesetzlichen Gew\u00e4hrleistungsfrist gegen\u00fcber Verbrauchern von zwei Jahren bei Neuwaren und einem Jahr bei Gebrauchtwaren, gegen\u00fcber Kaufleuten von einem Jahr. Die Frist beginnt vom Zeitpunkt des Gefahr\u00fcberganges an, d. h. bei Verbrauchern ab Zugang der Ware; sie gilt auch f\u00fcr Mangelfolgesch\u00e4den, soweit<br \/>\nkeine Anspr\u00fcche aus unerlaubter Handlung geltend gemacht werden.<br \/>\nDie Gew\u00e4hrleistungsrechte des K\u00e4ufers setzen, soweit dieser Kaufmann ist, voraus, dass dieser seinen<br \/>\nUntersuchungs- und R\u00fcgeobliegenheiten ordnungsgem\u00e4\u00df nachgekommen ist.<br \/>\nOffensichtliche M\u00e4ngel sind auch von Nichtkaufleuten zur Erhaltung der Gew\u00e4hrleistungsrechte auf Seiten des K\u00e4ufers unverz\u00fcglich, sp\u00e4testens innerhalb von 8 Tagen nach Empfang der Ware schriftlich beim Verk\u00e4ufer zu beanstanden.<br \/>\nBei berechtigten und rechtzeitigen M\u00e4ngelr\u00fcgen ist der Verk\u00e4ufer zur zweimaligen Nacherf\u00fcllung auf seine Kosten berechtigt.<br \/>\nDer K\u00e4ufer muss hierf\u00fcr eine angemessene Frist setzen.<br \/>\nDer Verk\u00e4ufer kann eine Nacherf\u00fcllung verweigern, die unverh\u00e4ltnism\u00e4\u00dfig hohe Kosten ausl\u00f6st.<br \/>\nVerweigert der Verk\u00e4ufer den vom K\u00e4ufer nach den gesetzlichen Bestimmungen berechtigt geltend gemachten Anspruch auf<br \/>\nMangelbeseitigung\/Ersatzlieferung oder ist er nicht dazu in der Lage, insbesondere verz\u00f6gert sich diese \u00fcber angemessene Fristen hinaus aus Gr\u00fcnden, die der Verk\u00e4ufer zu vertreten hat, oder schl\u00e4gt sie in sonstiger Weise fehl, so ist der K\u00e4ufer bei erheblichen Wert-\/Gebrauchsminderungen nach seiner Wahl berechtigt, vom Vertrag zur\u00fcckzutreten oder eine entsprechende Minderung des Warenpreises zu verlangen.<br \/>\nIm Falle der Mangelbeseitigung aufgrund einer die gesetzliche Gew\u00e4hrleistungsfrist \u00fcberschreitenden<br \/>\nHerstellergew\u00e4hrleistung, sind von dem K\u00e4ufer die entstehenden Kosten (so z. B. Fracht- und Versendungskosten) zu tragen. Eine Garantie des Herstellers betrifft die Gew\u00e4hrleistung des Verk\u00e4ufers nicht.<br \/>\nSoweit sich vorstehend nichts anderes ergibt, sind weitergehende Anspr\u00fcche des K\u00e4ufers &#8211; gleich aus welchen Rechtsgr\u00fcnden &#8211; ausgeschlossen.<br \/>\nDer Verk\u00e4ufer haftet insbesondere nicht f\u00fcr Sch\u00e4den, die nicht am Leistungsgegenstand selbst entstanden sind; insbesondere haftet er nicht f\u00fcr entgangenen Gewinn und sonstige Verm\u00f6genssch\u00e4den des K\u00e4ufers, soweit dieser Kaufmann i. S. d. HGBs ist.<br \/>\nGegen\u00fcber Nichtkaufleuten haftet der Verk\u00e4ufer, sofern er fahrl\u00e4ssig eine vertragswesentliche Pflicht<br \/>\nverletzt, maximal bis zur H\u00f6he des Wertes der Gesamtlieferung.<br \/>\nVorstehende Haftungsfreizeichnung gilt nicht, soweit die vom Verk\u00e4ufer zu vertretene Schadensursache auf grober<br \/>\nFahrl\u00e4ssigkeit oder Vorsatz beruht, bzw. ein k\u00f6rperlicher Schaden eingetreten ist.<br \/>\nKeine Gew\u00e4hr \u00fcbernommen wird insbesondere f\u00fcr Sch\u00e4den, die aus nachfolgenden Gr\u00fcnden entstanden sind: Ungeeignete oder unsachgem\u00e4\u00dfe Verwendung durch den K\u00e4ufer oder Dritte, nat\u00fcrliche Abnutzung, fehlerhafte oder<br \/>\nnachl\u00e4ssige Behandlung, soweit sie nicht auf ein Verschulden des Lieferanten zur\u00fcckzuf\u00fchren sind.<br \/>\nIn vorgenannten F\u00e4llen sowie allen anderen F\u00e4llen werden die entstehenden Reparaturkosten per Kostenvoranschlag aufgegeben und sind durch den K\u00e4ufer zu genehmigen.<\/p>\n<p>9. Eigentumsvorbehalt<\/p>\n<p>Bis zur vollst\u00e4ndigen Bezahlung bleibt die Ware Eigentum der Firma Wollm\u00fchle Funke GbR.<\/p>\n<p>10. Datenspeicherung<br \/>\nGem\u00e4\u00df \u00a7 28 des Bundesdatenschutzgesetzes (BDSG) machen wir darauf aufmerksam, dass die im Rahmen der Gesch\u00e4ftsabwicklung notwendigen Daten mittels einer EDV-Anlage gem\u00e4\u00df \u00a7 33 (BDSG) verarbeitet und gespeichert werden.<br \/>\nPers\u00f6nliche Daten werden selbstverst\u00e4ndlich vertraulich behandelt<\/p>\n<p><a href=\"https:\/\/wollmuehle.com\/shop\/datenschutz\/\">Datenschutzerkl\u00e4rung<\/a><\/p>\n<p>11. Gerichtsstand \/ Rechtswahl<\/p>\n<p>Soweit gesetzlich zul\u00e4ssig gilt als Gerichtsstand vereinbart, der Sitz des Verk\u00e4ufers in 17291 Prenzlau.<br \/>\nEs gilt ausschlie\u00dflich das Recht der Bundesrepublik Deutschland.<\/p>\n<p>Wollm\u00fchle Funke GbR November 2013<\/p>\n","protected":false},"excerpt":{"rendered":"<p>1. Allgemeines Nachstehende Allgemeine Gesch\u00e4ftsbedingungen gelten f\u00fcr den Wollshop. 2. Angebot Unsere Angebote sind unverbindlich. Kleine Abweichungen und technische \u00c4nderungen gegen\u00fcber unseren Abbildungen oder Beschreibungen sind m\u00f6glich. 3. Lieferung und Zahlung Zahlungen sind grunds\u00e4tzlich im Voraus zu leisten. Kreditkartenzahlungen werden nicht akzeptiert. D. h., Wollm\u00fchle Funke GbR d\u00fcrfen keine Geb\u00fchren belastet werden. Es gibt keine [&hellip;]<\/p>\n","protected":false},"author":27,"featured_media":0,"parent":0,"menu_order":0,"comment_status":"closed","ping_status":"closed","template":"","meta":{"site-sidebar-layout":"default","site-content-layout":"","ast-site-content-layout":"default","site-content-style":"default","site-sidebar-style":"default","ast-global-header-display":"","ast-banner-title-visibility":"","ast-main-header-display":"","ast-hfb-above-header-display":"","ast-hfb-below-header-display":"","ast-hfb-mobile-header-display":"","site-post-title":"","ast-breadcrumbs-content":"","ast-featured-img":"","footer-sml-layout":"","ast-disable-related-posts":"","theme-transparent-header-meta":"","adv-header-id-meta":"","stick-header-meta":"","header-above-stick-meta":"","header-main-stick-meta":"","header-below-stick-meta":"","astra-migrate-meta-layouts":"default","ast-page-background-enabled":"default","ast-page-background-meta":{"desktop":{"background-color":"","background-image":"","background-repeat":"repeat","background-position":"center center","background-size":"auto","background-attachment":"scroll","background-type":"","background-media":"","overlay-type":"","overlay-color":"","overlay-opacity":"","overlay-gradient":""},"tablet":{"background-color":"","background-image":"","background-repeat":"repeat","background-position":"center center","background-size":"auto","background-attachment":"scroll","background-type":"","background-media":"","overlay-type":"","overlay-color":"","overlay-opacity":"","overlay-gradient":""},"mobile":{"background-color":"","background-image":"","background-repeat":"repeat","background-position":"center center","background-size":"auto","background-attachment":"scroll","background-type":"","background-media":"","overlay-type":"","overlay-color":"","overlay-opacity":"","overlay-gradient":""}},"ast-content-background-meta":{"desktop":{"background-color":"var(--ast-global-color-5)","background-image":"","background-repeat":"repeat","background-position":"center center","background-size":"auto","background-attachment":"scroll","background-type":"","background-media":"","overlay-type":"","overlay-color":"","overlay-opacity":"","overlay-gradient":""},"tablet":{"background-color":"var(--ast-global-color-5)","background-image":"","background-repeat":"repeat","background-position":"center center","background-size":"auto","background-attachment":"scroll","background-type":"","background-media":"","overlay-type":"","overlay-color":"","overlay-opacity":"","overlay-gradient":""},"mobile":{"background-color":"var(--ast-global-color-5)","background-image":"","background-repeat":"repeat","background-position":"center center","background-size":"auto","background-attachment":"scroll","background-type":"","background-media":"","overlay-type":"","overlay-color":"","overlay-opacity":"","overlay-gradient":""}},"footnotes":""},"class_list":["post-802","page","type-page","status-publish","hentry"],"_links":{"self":[{"href":"https:\/\/wollmuehle.com\/shop\/wp-json\/wp\/v2\/pages\/802","targetHints":{"allow":["GET"]}}],"collection":[{"href":"https:\/\/wollmuehle.com\/shop\/wp-json\/wp\/v2\/pages"}],"about":[{"href":"https:\/\/wollmuehle.com\/shop\/wp-json\/wp\/v2\/types\/page"}],"author":[{"embeddable":true,"href":"https:\/\/wollmuehle.com\/shop\/wp-json\/wp\/v2\/users\/27"}],"replies":[{"embeddable":true,"href":"https:\/\/wollmuehle.com\/shop\/wp-json\/wp\/v2\/comments?post=802"}],"version-history":[{"count":4,"href":"https:\/\/wollmuehle.com\/shop\/wp-json\/wp\/v2\/pages\/802\/revisions"}],"predecessor-version":[{"id":9228,"href":"https:\/\/wollmuehle.com\/shop\/wp-json\/wp\/v2\/pages\/802\/revisions\/9228"}],"wp:attachment":[{"href":"https:\/\/wollmuehle.com\/shop\/wp-json\/wp\/v2\/media?parent=802"}],"curies":[{"name":"wp","href":"https:\/\/api.w.org\/{rel}","templated":true}]}}